{"id":112,"date":"2017-04-27T19:08:07","date_gmt":"2017-04-27T17:08:07","guid":{"rendered":"http:\/\/www.starlightantra.com\/public\/starlightantra\/?page_id=112"},"modified":"2019-06-17T09:37:01","modified_gmt":"2019-06-17T07:37:01","slug":"tantra-body-massage","status":"publish","type":"page","link":"https:\/\/www.starlightantra.com\/public\/starlightantra\/tantra-body-massage\/","title":{"rendered":"Tantra Body Massage"},"content":{"rendered":"<p>&nbsp;<\/p>\n<h4 style=\"text-align: center;\">Il Body Massage Tantra \u00e8 un trattamento che porta il ricevente verso<br \/>\nla consapevolezza della propria sensualit\u00e0 e la riscoperta di una<br \/>\nsensorialit\u00e0\u00a0 intensa e\u00a0 dimenticata. Se viene\u00a0 eseguito con la<br \/>\nnecessaria passione e preparazione e ricevuto con la giusta<br \/>\npredisposizione di animo, un massaggio di questo tipo permette di<br \/>\nrilassarsi profondamente, immergendosi nel momento presente attraverso<br \/>\nla percezione del corpo, dei sensi e del piacere. Questo momento<br \/>\npermette di accedere a uno spazio meditativo, lontano dal mondo<br \/>\nesterno e dal concetto ordinario e schematizzato in cui siamo abituati<br \/>\nad approcciarci all\u2019 energia preziosa dell\u2019 Eros. Coloro\u00a0 che ricevono<br \/>\nil massaggio dovrebbero restare nel ruolo passivo che permette di<br \/>\ncompiere un viaggio intenso dentro s\u00e9 stessi, in uno stato di<br \/>\nfiducioso abbandono e in ascolto delle proprie sensazioni, lasciando<br \/>\nscorrere liberamente l&#8217;energia cosi da nutrirla e riaccenderla. Questa<br \/>\noccasione pu\u00f2 essere vissuta in base alle necessit\u00e0 personali, come<br \/>\nun&#8217;esperienza saltuaria per sciogliere le tensioni e rinnovare il<br \/>\nproprio benessere ma anche come punto di partenza per l&#8217;<br \/>\napprofondimento delle altre pratiche che il Tantra pu\u00f2 offrire. Nell\u2019<br \/>\nArte tantrica, via femminile e del piacere, il massaggio diventa un<br \/>\nmodo di amare ed onorare la persona nella sua totalit\u00e0 tramite il<br \/>\ntocco ed \u00e8 l\u2019espressione di un contatto\u00a0 fisico che veicola l&#8217;energia<br \/>\ndel\u00a0 cuore. Oggi questa sapienza viene resa\u00a0 accessibile attraverso<br \/>\nl\u2019uso di tecniche appositamente rielaborate per l\u2019uomo occidentale<br \/>\nmoderno:\u00a0 la base di questo trattamento \u00e8 da ricercarsi in varie<br \/>\ntipologie di massaggio olistico, che si sposano con elementi della<br \/>\ncultura tantrica, concretizzandosi in una\u00a0 manipolazione \u201ctotal body\u201d<br \/>\neseguita con movimenti lenti, fluidi\u00a0 e avvolgenti. In particolare nel<br \/>\nbodymassage si vive una esperienza\u00a0 sensuale\u00a0 e coinvolgente, in<br \/>\nquanto la massaggiatrice usa mani, braccia e tutto il suo corpo come<br \/>\nstrumento. Si svolge a terra su\u00a0 futon,\u00a0 in ambiente accogliente e<br \/>\ndedicato, tra musica rilassante, olio caldo e candele profumate.<\/h4>\n<p>&nbsp;<\/p>\n<p><img decoding=\"async\" loading=\"lazy\" class=\"size-medium wp-image-139 aligncenter\" src=\"http:\/\/www.starlightantra.com\/public\/starlightantra\/wp-content\/uploads\/2017\/04\/994185_642027715905370_8702942314754978165_n-300x193.jpg\" alt=\"\" width=\"300\" height=\"193\" srcset=\"https:\/\/www.starlightantra.com\/public\/starlightantra\/wp-content\/uploads\/2017\/04\/994185_642027715905370_8702942314754978165_n-300x193.jpg 300w, https:\/\/www.starlightantra.com\/public\/starlightantra\/wp-content\/uploads\/2017\/04\/994185_642027715905370_8702942314754978165_n.jpg 747w\" sizes=\"(max-width: 300px) 100vw, 300px\" \/><\/p>\n<p>&nbsp;<\/p>\n","protected":false},"excerpt":{"rendered":"<p>&nbsp; Il Body Massage Tantra \u00e8 un trattamento che porta il ricevente verso la consapevolezza della propria sensualit\u00e0 e la riscoperta di una sensorialit\u00e0\u00a0 intensa e\u00a0 dimenticata. Se viene\u00a0 eseguito con la necessaria passione e preparazione e ricevuto con la giusta predisposizione di animo, un massaggio di questo tipo permette di rilassarsi profondamente, immergendosi nel [&hellip;]<\/p>\n","protected":false},"author":1,"featured_media":0,"parent":0,"menu_order":0,"comment_status":"closed","ping_status":"closed","template":"","meta":[],"_links":{"self":[{"href":"https:\/\/www.starlightantra.com\/public\/starlightantra\/wp-json\/wp\/v2\/pages\/112"}],"collection":[{"href":"https:\/\/www.starlightantra.com\/public\/starlightantra\/wp-json\/wp\/v2\/pages"}],"about":[{"href":"https:\/\/www.starlightantra.com\/public\/starlightantra\/wp-json\/wp\/v2\/types\/page"}],"author":[{"embeddable":true,"href":"https:\/\/www.starlightantra.com\/public\/starlightantra\/wp-json\/wp\/v2\/users\/1"}],"replies":[{"embeddable":true,"href":"https:\/\/www.starlightantra.com\/public\/starlightantra\/wp-json\/wp\/v2\/comments?post=112"}],"version-history":[{"count":9,"href":"https:\/\/www.starlightantra.com\/public\/starlightantra\/wp-json\/wp\/v2\/pages\/112\/revisions"}],"predecessor-version":[{"id":227,"href":"https:\/\/www.starlightantra.com\/public\/starlightantra\/wp-json\/wp\/v2\/pages\/112\/revisions\/227"}],"wp:attachment":[{"href":"https:\/\/www.starlightantra.com\/public\/starlightantra\/wp-json\/wp\/v2\/media?parent=112"}],"curies":[{"name":"wp","href":"https:\/\/api.w.org\/{rel}","templated":true}]}}