{"id":116,"date":"2017-04-27T19:08:07","date_gmt":"2017-04-27T17:08:07","guid":{"rendered":"http:\/\/www.starlightantra.com\/public\/starlightantra\/?page_id=116"},"modified":"2017-04-27T19:33:35","modified_gmt":"2017-04-27T17:33:35","slug":"bond-massage-dark-tantra","status":"publish","type":"page","link":"https:\/\/www.starlightantra.com\/public\/starlightantra\/bond-massage-dark-tantra\/","title":{"rendered":"Bond Massage \/ Dark Tantra"},"content":{"rendered":"<p>&nbsp;<\/p>\n<p style=\"text-align: left;\">Partiamo dal presupposto che il massaggio tantrico\u00a0 \u00e8 ispirato al<br \/>\ntocco consapevole come veicolo di percezione estatica. La via del<br \/>\nmassaggio \u00e8 da sempre integrata nella quotidianit\u00e0 della vita<br \/>\norientale e in particolare in India. Di fatto, esso\u00a0 non sviluppa una<br \/>\nvera e propria tecnica codificata, basandosi pi\u00f9 sull&#8217;aspetto<br \/>\nistintivo del toccare il corpo dell&#8217;altro in uno stato di meditazione<br \/>\n. Ma il Tantra non \u00e8 una disciplina statica, si arricchisce di nuove<br \/>\nprospettive in base ai bisogni mutevoli dell&#8217;umanit\u00e0 in relazione al<br \/>\ncambiare di luoghi, epoche e tempi. Oggi\u00a0 il tantra body massage, cos\u00ec<br \/>\ncome lo conosciamo in occidente,\u00a0 \u00e8 il risultato della fusione di<br \/>\ndiversi elementi derivanti dallo yoga, dalla psicologia bioenergetica,<br \/>\ndalla terapia sessuale e da svariate tecniche di massaggio.\u00a0 L\u2019<br \/>\naspetto tantrico \u00e8 comunque portato dall\u2019antica\u00a0 tradizione indiana,<br \/>\nche indica il corpo come veicolo dell&#8217;esperienza e in cui la natura<br \/>\nsessuale dell\u2019uomo viene accettata e rispettata quale elemento<br \/>\nfondamentale dell&#8217;energia vitale stessa. Purtroppo\u00a0 l&#8217;occidente ha una<br \/>\nconformazione\u00a0 molto rigida e\u00a0 gli occidentali tendono\u00a0 per cultura e<br \/>\nformazione educativa a nascondere le emozioni e a inibire la vitalit\u00e0.<br \/>\nSi lascia che la mente controlli tutto senza staccare mai i pensieri e<br \/>\nsi \u00e8 portati di riflesso ad accumulare stress, a irrigidire il corpo e<br \/>\na chiudere\u00a0 il Chakra del cuore. Ogni massaggio tantra dovrebbe avere<br \/>\nla finalit\u00e0 di\u00a0 far s\u00ec che l&#8217;energia sessuale\u00a0 possa fluire<br \/>\nliberamente attraverso tutti i canali energetici di cui siamo<br \/>\nstrutturati ritrovando la sua forma originaria .\u00a0 In questo contesto<br \/>\nsi inserisce l&#8217;innovazione del massaggio bondage:\u00a0 si arriva allo<br \/>\nscopo tramite l&#8217;introduzione di elementi del mondo BDSM. Ultimamente<br \/>\nIl mondo intero \u00e8 stato affascinato dalla ormai famosa trilogia e<br \/>\nintrodotto alle meraviglie di dominio e sottomissione, sculacciata e<br \/>\nschiavit\u00f9 e &#8220;50 Shades of Grey&#8221; \u00e8 entrato addirittura nella Top 10 dei<br \/>\nlibri pi\u00f9 venduti di sempre. La spiegazione di tanto successo si pu\u00f2<br \/>\nattribuire al fatto di avere portato il grande pubblico alla scoperta<br \/>\ndi un nuovo mondo\u00a0 sconosciuto ai pi\u00f9 ma riconosciuto come latente in<br \/>\nognuno di noi. Una ricerca olandese\u00a0 rivelerebbe addirittura che chi<br \/>\npratica effettivamente il sadomaso ha tratti psicologici pi\u00f9 positivi<br \/>\nrispetto alla media (sono meno nevrotici e pi\u00f9 estroversi) e che<br \/>\nsimbolicamente la punizione erotica ha un suo potere curativo e<br \/>\ncatartico. Il matrimonio tra il tantra e queste pratiche pu\u00f3 risultare<br \/>\nprezioso per scoprire i propri limiti, liberarsi\u00a0 dalle inibizioni e<br \/>\nsbarazzarsi dalle rigidit\u00e0 impresse dalla societ\u00e0 che limitano il<br \/>\npiacere e l&#8217; espressione totale di s\u00e9. Lasciare che la propria energia<br \/>\nerotica sia libera di sbocciare e crescere pu\u00f2 costituire<br \/>\nun\u00b4esperienza molto forte,\u00a0 un atto liberatorio che onora tutto ci\u00f2<br \/>\nche siete e che tutto ci\u00f2 che potrete diventare.<br \/>\nNella pratica, colui che riceve il massaggio viene bendato e legata<br \/>\ncon delle corde per mani e piedi. Questa forma di costrizione aiuta la<br \/>\npersona ad abbandonarsi totalmente\u00a0 e di conseguenza a scaricare la<br \/>\ntensione accumulata. Il massaggio\u00a0 viene eseguito\u00a0 inizialmente\u00a0 in<br \/>\nmodo delicato con l\u2019utilizzo di piume, sete e\u00a0 e foulard,<br \/>\nprogressivamente si tratta il corpo in maniera pi\u00f9 energica con<br \/>\nl\u2019utilizzo di canne di bamb\u00f9, frustini e oggetti che possono dare<br \/>\nintense stimolazioni sensoriali innescando uno stato di rilassamento<br \/>\ntotale.\u00a0 Sempre secondo studi effettuati in merito, il corpo<br \/>\nrisponderebbe rilasciando endorfine e diminuendo il flusso sanguigno<br \/>\nin zone associate al controllo e alla memoria. Da qui la sensazione<br \/>\nche taluni arrivano a provare, di galleggiare nel tempo e nello<br \/>\nspazio, di vivere a pieno il momento. La comunit\u00e0 BDSM lo chiama<br \/>\n\u201csubspace\u201d, sottospazio, stato alterato di coscienza che rilassa e d?<br \/>\nsensazione di pace. Il piacere che si prova pu\u00f2 arrivare a essere<br \/>\nmolto intenso, i muscoli si contraggono, la respirazione aumenta e Il<br \/>\ncorpo legato dalle corde amplifica l\u2019intensit\u00e0 delle percezioni<br \/>\nsensoriali.\u00a0 Questo massaggio \u00e8 un rituale sensuale ed energetico, che<br \/>\npu\u00f2 essere praticato a tutti\u00a0 coloro che ne sono incuriositi o<br \/>\nattratti ed \u00e8 consigliato a chi vuole avvicinarsi al mondo del BDSM in<br \/>\nforma leggera e sensuale.<\/p>\n<p style=\"text-align: center;\"><img decoding=\"async\" loading=\"lazy\" class=\"alignnone size-medium wp-image-142\" src=\"http:\/\/www.starlightantra.com\/public\/starlightantra\/wp-content\/uploads\/2017\/04\/13419280_993384997436305_1173181283225007557_n-201x300.jpg\" alt=\"\" width=\"201\" height=\"300\" srcset=\"https:\/\/www.starlightantra.com\/public\/starlightantra\/wp-content\/uploads\/2017\/04\/13419280_993384997436305_1173181283225007557_n-201x300.jpg 201w, https:\/\/www.starlightantra.com\/public\/starlightantra\/wp-content\/uploads\/2017\/04\/13419280_993384997436305_1173181283225007557_n.jpg 469w\" sizes=\"(max-width: 201px) 100vw, 201px\" \/><\/p>\n","protected":false},"excerpt":{"rendered":"<p>&nbsp; Partiamo dal presupposto che il massaggio tantrico\u00a0 \u00e8 ispirato al tocco consapevole come veicolo di percezione estatica. La via del massaggio \u00e8 da sempre integrata nella quotidianit\u00e0 della vita orientale e in particolare in India. Di fatto, esso\u00a0 non sviluppa una vera e propria tecnica codificata, basandosi pi\u00f9 sull&#8217;aspetto istintivo del toccare il corpo [&hellip;]<\/p>\n","protected":false},"author":1,"featured_media":0,"parent":0,"menu_order":0,"comment_status":"closed","ping_status":"closed","template":"","meta":[],"_links":{"self":[{"href":"https:\/\/www.starlightantra.com\/public\/starlightantra\/wp-json\/wp\/v2\/pages\/116"}],"collection":[{"href":"https:\/\/www.starlightantra.com\/public\/starlightantra\/wp-json\/wp\/v2\/pages"}],"about":[{"href":"https:\/\/www.starlightantra.com\/public\/starlightantra\/wp-json\/wp\/v2\/types\/page"}],"author":[{"embeddable":true,"href":"https:\/\/www.starlightantra.com\/public\/starlightantra\/wp-json\/wp\/v2\/users\/1"}],"replies":[{"embeddable":true,"href":"https:\/\/www.starlightantra.com\/public\/starlightantra\/wp-json\/wp\/v2\/comments?post=116"}],"version-history":[{"count":4,"href":"https:\/\/www.starlightantra.com\/public\/starlightantra\/wp-json\/wp\/v2\/pages\/116\/revisions"}],"predecessor-version":[{"id":145,"href":"https:\/\/www.starlightantra.com\/public\/starlightantra\/wp-json\/wp\/v2\/pages\/116\/revisions\/145"}],"wp:attachment":[{"href":"https:\/\/www.starlightantra.com\/public\/starlightantra\/wp-json\/wp\/v2\/media?parent=116"}],"curies":[{"name":"wp","href":"https:\/\/api.w.org\/{rel}","templated":true}]}}