{"id":188,"date":"2018-08-19T16:35:37","date_gmt":"2018-08-19T14:35:37","guid":{"rendered":"http:\/\/www.starlightantra.com\/public\/starlightantra\/?page_id=188"},"modified":"2018-08-19T16:35:37","modified_gmt":"2018-08-19T14:35:37","slug":"info-tantra-ieri-e-oggi","status":"publish","type":"page","link":"https:\/\/www.starlightantra.com\/public\/starlightantra\/info-tantra-ieri-e-oggi\/","title":{"rendered":"Info Tantra &#8211; Ieri e Oggi"},"content":{"rendered":"<h1><strong>Info Tantra &#8211; Ieri e Oggi<\/strong><\/h1>\n<h4>LE ORIGINI<br \/>\nIl Tantra, in principio, sarebbe nato come una vera e propria via esoterica e spirituale, anche se non \u00e8 possibile stabilirne con certezza le origini. E&#8217; plausibile che risalga fino alle culture sciamaniche matriarcali di oltre 5000 anni fa. I primi testi tantrici scritti risalgono invece al v secolo D.C. Il tantrismo in realt\u00e0 non \u00e8 una religione codificata, anche se una parte significativa delle religioni orientali vi ha attinto per la propria Via.\u00a0<span class=\"text_exposed_show\">Esso \u00e8 un movimento spirituale che ha assunto svariate e molteplici caratteristiche in relazione alla societ\u00e0 e alla cultura da cui veniva abbracciato in un determinato momento storico. In tempi recenti, il Tantra \u00e8 pervenuto fino all&#8217; Occidente: negli anno 70 Osho, mistico e guida spirituale indiana, parlando esplicitamente delle pratiche sessuali contenute in un testo antico, cre\u00f2 le premesse per far conoscere il Tantra al grande pubblico. Per l&#8217;Occidente abituato alla repressione della fisicit\u00e0, scoprire che si poteva includere il piacere in un percorso spirituale fu una sorta di rivoluzione. Successivamente la sua allieva Margot Anand, combinando alcuni dei principi tantrici tradizionali con metodi tratti dalla bioenergetica, dalla psicologia e dalla sessuologia, diede inizio alla corrente neotantrica attuale. Quindi la conoscenza del Tantra \u00e8 arrivata a noi attraverso l\u2019interpretazione di Margot Anand e il termine \u00e8 stato utilizzato sia in riferimento al Tantra antico e tradizionale sia al Neo-Tantra, generando quel fraintendimento cos\u00ec comune fra tradizione originaria e rivisitazione occidentale che tanto scandalizza i &#8220;puristi&#8221; della disciplina.. Nel Neo-Tantra attualmente si possono trovare diversi percorsi ben strutturati, rielaborati per noi occidentali ma comunque validi e coerenti con il pensiero proposto e che possono includere il massaggio come pratica accessoria. La differenza sostanziale \u00e8 che, mentre nei testi tantrici indiani antichi, le pratiche descritte sono legate alla visione spirituale ind\u00f9 e hanno come fine ultimo di ottenere la liberazione dal ciclo delle incarnazioni,nel Tantra contemporaneo l&#8217;obiettivo che si persegue \u00e8 un&#8217;esperienza di vita pi\u00f9 soddisfacente, concretizzabile sia nel realizzare una sessualit\u00e0 pi\u00f9 appagante che nel migliorare la capacit\u00e0 di percepire l&#8217;amore, sia di coppia che in senso pi\u00f9 esteso.<\/span><\/h4>\n<p>&nbsp;<\/p>\n<h4>MA CHE COSA E&#8217; DAVVERO?<br \/>\nDefinire cosa \u00e8 il vero Tantra e cosa non lo \u00e8 gi\u00e0 di per se diventa problematico, in quanto checch\u00e8 se ne dica nessuno in occidente pratica davvero il Tantra &#8220;originale&#8221;. Il Tantra ha subito nel corso della storia molte influenze e ne esistono varie correnti : Tantra ind\u00f9, Tantra buddista, Tantra taoista&#8230; Qui da noi oggi si parla pi\u00f9 propriamente di Neotantra, perch\u00e8 vengono utilizzate solo una parte delle antiche tecniche, legate all&#8217;energia sessuale e alla sessualit\u00e0, che sono state rielaborate per renderle pi\u00f9 laiche e fruibili al mondo contemporaneo. Un p\u00f2 come \u00e8 successo con la Mindfulness che utilizza scientificamente tecniche dei monaci buddisti o anche col massaggio californiano che \u00e8 stato creato negli anni 70 partendo come base da vari tipi di massaggi olistici orientali.<br \/>\nIl Tantra contemporaneo \u00e8 quindi approdato in Occidente in tempi recenti e secondo me per tutto ci\u00f2 che ruota intorno a questo mondo, pi\u00f9 che tra vero e falso Tantra, si dovrebbe distinguere un Tantra fatto bene, con competenza e dedizione da un Tantra fatto male o improvvisato.<br \/>\nSono quasi del tutto d&#8217;accordo con l&#8217;utente di un forum che scrive: &#8221; il sesso nel Tantra \u00e8 una meditazione. In quanto tale, qualunque operatice vi pratichi una sessione di 1 ora, non \u00e8 Tantra. Il Tantra richiede pi\u00f9 tempo. Pu\u00f2 darsi che usi tecniche Tantra, ma non \u00e8 Tantra&#8221;.<br \/>\nE&#8217; vero che il sesso nel Tantra \u00e8 meditativo e richiede tempi lunghi, ma a prescindere dalla durata temporale qualsiasi tipo di attivit\u00e0 sessuale all&#8217;interno di una sessione non \u00e8 Tantra semplicemente perch\u00e8 richIederebbe la conoscenza DA PARTE DI ENTRAMBI della meditazione, della respirazione, delle tecniche tantriche e molto altro per poter essere definito tale.<br \/>\nPer quanto riguarda i vari tipi di massaggi, pu\u00f2 essere molto difficile trovare un professionista competente di massaggio tantrico. Non esiste uno standard vero e proprio e ogni operatore pu\u00f2 offrire qualcosa di diverso. Il validissimo massaggio tantra kashmiro o yoga del tocco \u00e8 uno dei pi\u00f9 insegnati nei corsi dei centri tantrici italiani pi\u00f9 blasonati, insieme al massaggio dei 5 elementi che \u00e8 similare. Se le sue origini siano effettivamente indiane o occidentali (ma \u00e8 verosimile la seconda ipotesi) \u00e8 ancora oggi tema dibattuto.<br \/>\nUn altro tipo di massaggio Tantra che include il bodymassage \u00e8 probabilmente di origini occidentali (tedesche?) e nasce dalla fusione di tecniche tantriche, psicologia bioenergetica, terapia sessuale e vari tipi di massaggio olistico. E&#8217; quello che viene pi\u00f9 commercialmente sfruttato ma non sempre ben eseguito, nei vari centri massaggi nostrani. Richiederebbe che colui che massaggia assumesse un particolare atteggiamento accogliente e meditativo e anche solo per ottenere questo si dovrebbe partire da un&#8217; ottima preparazione personale. Concludendo&#8230; \u00e8 Tantra, non \u00e8 Tantra? Si e no&#8230; Alla base di qualsiasi gestore di centri olistici e anche di ogni operatore\/ operatrice di massaggio ci dovrebbe essere prima di tutto un interesse reale a compiere un percorso, serio e strutturato e non una semplice improvvisazione a scopo commerciale. Teniamo comunque presente che anche tutto quello, di valido, bello, spirituale che si insegna nei corsi &#8220;seri&#8221; \u00e8 Neotantra&#8230; quindi troviamo il risultato della fusione del Tantra con altre discipline quali meditazione, PNL, rebirthing, ecc. Il Tantra sembra essere una via mutevole che sfugge da sempre alle definizioni e che ancora adesso come in passato \u00e8 in continua evoluzione<\/h4>\n<p>&nbsp;<\/p>\n<h4>TANTRA E EROS SACRO.<\/h4>\n<h4>Tradotto liberamente e integrato da Vanessa Bianchi, ispirato da uno scritto di Francesca Gentille pubblicato sul gruppo pubblico &#8220;Tantrapeople&#8221;<\/h4>\n<h4>TANTRA: Un sentiero spirituale orientale dedicato all&#8217;accettazione amorevole e incondizionata di tutto ci\u00f2 che \u00e8. Invece di soggiogare il corpo o di elevarsi al di sopra di esso, il Tantra abbraccia l&#8217;apprendimento dell&#8217;esperienza incarnata.<\/h4>\n<h4>IL TANTRA BUDDISTA contiene principalmente pratiche &#8220;bianche&#8221; (meditazioni ed esercizi non sessuali, respirazione, mantra \/ canto, mudra \/ posizioni del corpo e delle mani, yantras \/ immagini). \u00c8 basato su un percorso compassionevole, si lavora per abbandonare il giudizio e la dualit\u00e0.<\/h4>\n<h4>IL TANTRA INDU&#8217; pu\u00f2 anche includere pratiche &#8220;rosa&#8221; (respiro erotico e contatto), &#8220;rosse&#8221; (rapporto sessuale), pratiche &#8220;nere&#8221; (tutte le esperienze sensoriali anche estreme della vita). L&#8217;obiettivo \u00e8 sperimentare l&#8217; unione con il divino. In India oggi praticare il Tantra \u00e8 considerato un percorso pericoloso perch\u00e9 pu\u00f2 portare alla dipendenza e all&#8217;eccesso.<\/h4>\n<h4>IL NEO-TANTRA OCCIDENTALE E AMERICANO &#8211; Un sentiero eclettico occidentale dedicato all&#8217;aprire il cuore, connettendo i chakra \/ centri energetici e migliorando la capacit\u00e0 di percepire e vivere l&#8217;amore. Il Neo-Tantra usa alcuni esercizi tantrici orientali tradizionali e li combina con qualsiasi altra tradizione e insegnamento che l&#8217;istruttore ha da offrire. Abbraccia e glorifica l&#8217;esistenza incarnata. L&#8217;obiettivo \u00e8 un&#8217;esperienza di vita pi\u00f9 soddisfacente, pi\u00f9 ricca spiritualmente e in profonda connessione con il proprio io autentico.<\/h4>\n<h4>LA SACRA SESSUALIT\u00c0 &#8211; Un concetto mondiale. La maggior parte dei paesi e delle religioni contemplano nella loro storia versioni della Sessualit\u00e0 Sacra . Anche Il Cristianesimo, il Giudaismo, l&#8217;Islam, originariamente avevano al loro interno alcune tradizioni di questo tipo. Oggi Il Taoismo e Il Buddismo tantrico Vajarayana offrono un esempio di Tradizione Sessuale Sacra nel loro percorso spirituale. .<br \/>\nCi sono due punti di vista principali sulla sessualit\u00e0 sacra:<br \/>\n1) Tutto il sesso \u00e8 intrinsecamente sacro.<br \/>\n2) Il sesso \u00e8 sacro quando coscientemente incanalato verso la guarigione, l&#8217;amore, il collegamento con il Divino.<\/h4>\n<h4>LA MAGIA SESSUALE: Qualsiasi rituale o tecnica che utilizza l&#8217;energia disponibile nell&#8217;eccitazione erotica per dirigerla verso un fine specifico, focalizzandosi sul raggiungimento dei propri obiettivi, con intenti che possono spaziare dalla guarigione personale fino alla pace nel mondo. Magia e sessualit\u00e0 si trovano collegate fra loro fin dalla preistoria. Premessa di questo tipo di magia \u00e8 il concetto che l&#8217;energia prodotta dalla sessualit\u00e0 sia una delle forze pi\u00f9 potenti possedute dagli esseri umani e che possa essere sfruttata per ottenere una condizione di trascendenza rispetto alla normale percezione della realt\u00e0.<\/h4>\n<h4>SALUTE E SALUTE SESSUALE:<\/h4>\n<h4>Sia Il Taoismo che la medicina cinese si fondano sul concetto Yin \/ Yang, due polarit\u00e0 opposte e complementari di energia, che formano la totalit\u00e0 di ogni elemento e devono mantenersi in armonioso flusso ed equilibrio. Quando l&#8217;energia \u00e8 bloccata o squilibrata, pu\u00f2 accadere che ci predisponiamo alla malattia. Nella medicina cinese si crede che siamo destinati a essere sani e che ogni medico abbia il compito di preservare la salute dei suoi pazienti. Se invece si presenta una malattia, il dottore ha gi\u00e0 fallito nel suo dovere. Nelle &#8220;Arti della stanza da letto&#8221; taoiste, la sessualit\u00e0 era considerata uno dei modi principali per mantenere un perfetto flusso energetico corporeo . Furono creati intricati sistemi che includevano posizioni corporee, tecniche di respirazione e tecniche di visualizzazione.<\/h4>\n<h4>LA GUARIGIONE SESSUALE: Oggi, la maggior parte delle persone ha una certa quantit\u00e0 di traumi emotivi e ferite sessuali, dovuti al vissuto personale e al contesto socioculturale in cui si \u00e8 nati. Molte religioni e sistemi etici proibiscono gli atti sessuali non finalizzati alla procreazione e condannano il piacere in toto. Quindi, si assiste ad una repressione delle pulsioni etichettate come &#8220;vergognose&#8221; e non c&#8217;\u00e8 nelle famiglie o nelle scuole una educazione sessuale valida e salutare su questo aspetto cosi importante della nostra vita e sulle sue grandi potenzialit\u00e0.<br \/>\nDi fatto, numerosi studi indicano che l&#8217;eccessiva repressione dell&#8217;istinto sessuale conduce ad un aumento del livello generale di aggressivit\u00e0 di una data societ\u00e0. Ad esempio, lo psicologo J.M. Prescott individu\u00f2 una relazione fra repressione sessuale e aggressivit\u00e0, insensibilit\u00e0, comportamenti criminali e una maggiore probabilit\u00e0 di uccidere e torturare i nemici.<\/h4>\n<h4>IL LAVORO SESSUALE DI GUARIGIONE pu\u00f2 utilizzare visualizzazioni, massaggi, dialoghi, sensualit\u00e0 e sessualit\u00e0 per riportare in vita le ferite, affrontarle, superarle e\/o riprogrammarle.<br \/>\nLa guarigione pu\u00f2 essere intrapresa attraverso svariati e complementari approcci, ad esempio:<br \/>\nLavoro energetico (Reiki, Terapia della Polarit\u00e0 ecc.),<br \/>\nTerapia Somatica (Biodanza, Terapie del movimento, Terapie di massaggio \/yoga del tocco, Esperienza somatica, ecc.)<br \/>\nRituale \/ Magia \/ Preghiera \/ Guarigione sciamanica (con o senza uso di erbe e piante medicinali)<br \/>\nPsicoterapia, Sessuologia, Lavoro di rilascio emozionale, Gioco di ruolo terapeutico (Gestalt, Dialogo voce interiore, Psicodramma, Costellazioni familiari, Psicoterapia junghiana ecc)<br \/>\nTantra, Sessualit\u00e0 consapevole e seminari di sessualit\u00e0 sacra.<\/h4>\n<h4>IL REGALO DELLA SESSUALIT\u00c0 CONSAPEVOLE: tramite il concentrarsi intenzionalmente sul respiro, le visualizzazioni e il lavoro sul corpo insieme al partner, si pu\u00f2 avvertire una rinnovata energia e una maggiore percezione di benessere psicofisico nonch\u00e8 una miglior predisposizione d&#8217;animo a sentimenti gioiosi e amorevoli . Se praticata con regolarit\u00e0, diventer\u00e0 una piacevole abitudine i cui benefici ci accompagneranno anche nei giorni seguenti..<br \/>\nNOTA: occorrono almeno 30 &#8211; 45 minuti di respirazione, meditazione, eccitazione e interazione erotica (non necessariamente rapporti) per iniziare a ricaricare veramente le nostre batterie interne e ad allineare e energizzare i nostri sistemi.<\/h4>\n<h4><\/h4>\n","protected":false},"excerpt":{"rendered":"<p>Info Tantra &#8211; Ieri e Oggi LE ORIGINI Il Tantra, in principio, sarebbe nato come una vera e propria via esoterica e spirituale, anche se non \u00e8 possibile stabilirne con certezza le origini. E&#8217; plausibile che risalga fino alle culture sciamaniche matriarcali di oltre 5000 anni fa. I primi testi tantrici scritti risalgono invece al [&hellip;]<\/p>\n","protected":false},"author":1,"featured_media":0,"parent":0,"menu_order":0,"comment_status":"closed","ping_status":"closed","template":"","meta":[],"_links":{"self":[{"href":"https:\/\/www.starlightantra.com\/public\/starlightantra\/wp-json\/wp\/v2\/pages\/188"}],"collection":[{"href":"https:\/\/www.starlightantra.com\/public\/starlightantra\/wp-json\/wp\/v2\/pages"}],"about":[{"href":"https:\/\/www.starlightantra.com\/public\/starlightantra\/wp-json\/wp\/v2\/types\/page"}],"author":[{"embeddable":true,"href":"https:\/\/www.starlightantra.com\/public\/starlightantra\/wp-json\/wp\/v2\/users\/1"}],"replies":[{"embeddable":true,"href":"https:\/\/www.starlightantra.com\/public\/starlightantra\/wp-json\/wp\/v2\/comments?post=188"}],"version-history":[{"count":3,"href":"https:\/\/www.starlightantra.com\/public\/starlightantra\/wp-json\/wp\/v2\/pages\/188\/revisions"}],"predecessor-version":[{"id":191,"href":"https:\/\/www.starlightantra.com\/public\/starlightantra\/wp-json\/wp\/v2\/pages\/188\/revisions\/191"}],"wp:attachment":[{"href":"https:\/\/www.starlightantra.com\/public\/starlightantra\/wp-json\/wp\/v2\/media?parent=188"}],"curies":[{"name":"wp","href":"https:\/\/api.w.org\/{rel}","templated":true}]}}