{"id":5,"date":"2017-04-05T11:19:59","date_gmt":"2017-04-05T09:19:59","guid":{"rendered":"http:\/\/www.starlightantra.com\/public\/starlightantra\/home\/"},"modified":"2018-08-19T16:42:43","modified_gmt":"2018-08-19T14:42:43","slug":"home","status":"publish","type":"page","link":"https:\/\/www.starlightantra.com\/public\/starlightantra\/","title":{"rendered":"Home"},"content":{"rendered":"\n<div class=\"art-content-layout layout-item-0\">\n<div class=\"art-content-layout-row\">\n<div class=\"art-layout-cell layout-item-1\" style=\"width: 100%;\">\n<p><span style=\"font-size: 16px; font-weight: bold; color: #e2341d; text-shadow: rgba(23, 23, 23, 0.984375) 0px 0px 12px;\">Il massaggio non \u00e8 cosa ordinaria.<\/span><\/p>\n<p><span style=\"font-weight: bold; font-size: 15px; color: #e2e8ee; text-shadow: #171717 1px 0px 0px, #171717 -1px 0px 0px, #171717 0px -1px 0px, #171717 0px 1px 0px, rgba(0, 0, 0, 0.984375) 0px 0px 10px;\">Esso ha un enorme significato. Ci sono poche persone nate per massaggiare . Se tu sei una di quelle la tua energia pu\u00f2 andare molto, molto in profondit\u00e0. Per\u00f2 ci sono alcune cose che devi sempre ricordare mentre massaggi.<br \/>\nLa persona che massaggi non ha corpo. Concepiscila come senza corpo e il tuo massaggio andr\u00e0 molto in profondit\u00e0. Primo pensa alla persona come se non avesse corpo, e poi pensa te stesso come se non avessi corpo. Per corpo intendo che n\u00e9 lui n\u00e9 tu siete materia, entrambi siete energia. Quando due cose materiali si toccano, c\u2019\u00e8 una collisione. Quando due energie si toccano esse semplicemente si mischiano, si uniscono e si fondono l\u2019una nell\u2019 altra. Non c\u2019\u00e8 collisione. Due corpi fisici sono destinati a collidere. Ogni volta che tocchi il corpo di qualcuno come corpo, e lui stesso si percepisce come corpo, ci sar\u00e0 una difesa, una contrazione. L\u2019armatura di difesa entrer\u00e0 in azione.<br \/>\nAllora la prima cosa \u00e8 sentire che l\u2019altro \u00e8 semplicemente una energia; tu sei anche una energia. Dopodich\u00e9 comincia a giocare con l\u2019energia come se stessi suonando una chitarra. Fa che sia musica pi\u00f9 che massaggio. Fa che sia gioco pi\u00f9 che lavoro. Lascia che venga dal cuore pi\u00f9 che dalla mente. La tecnica va conosciuta, ma poi dimenticata. Uno dovrebbe conoscere la tecnica e poi non preoccuparsi di essa. Essa si radica nell\u2019inconscio e da li funziona, ma tu muoviti attraverso l\u2019istinto. In questo modo tu senti l\u2019energia dell\u2019altra persona, presenti te stesso come un fenomeno energetico, e poi due energie cominciano a giocare. Il massaggio \u00e8 quasi come amare.<\/span><\/p>\n<p>&nbsp;<\/p>\n<\/div>\n<\/div>\n<\/div>\n<div class=\"art-content-layout\">\n<div class=\"art-content-layout-row\">\n<div class=\"art-layout-cell layout-item-1\" style=\"width: 50%;\">\n<ul>\n<li style=\"text-align: left;\"><span style=\"font-weight: bold;\"><span style=\"font-size: 14px; text-shadow: rgba(23, 23, 23, 0.980469) 0px 0px 12px; color: #45e5e8;\">Il passato non \u00e8 che un ricordo, il futuro una speranza&#8230; vivi pienamente il presente perch\u00e8 il presente \u00e8 l&#8217;unico istante che hai.<\/span><br \/>\n<\/span><\/li>\n<li><span style=\"font-weight: bold;\"><span style=\"font-size: 14px; text-shadow: rgba(23, 23, 23, 0.980469) 0px 0px 12px; color: #f7f140;\"><span style=\"color: #45e5e8;\">&#8220;Spiegami come si fa ad amare la carne senza baciarne l&#8217;anima<\/span>\u00a0<\/span><\/span><\/li>\n<li style=\"text-align: left;\"><span style=\"font-size: 14px; font-weight: bold; color: #54e5e8;\">Il massaggio \u00e8 uno strumento potente che arriva a toccare gli strati pi\u00f9 profondi<br \/>\ndell\u2019 Essere portando guarigione.\u201c<\/span><span style=\"color: #2fc705; font-size: 14px; font-weight: bold;\"><br \/>\n<\/span><\/li>\n<li><span style=\"font-size: 14px; text-shadow: #171717 0px 0px 12px; font-weight: bold; color: #54e5e8;\">Siate nudi e puri nell&#8217;anima e nel corpo, la pelle \u00a0 \u00a0 \u00a0 \u00a0 \u00a0e&#8217; fonte di sentimenti . Il contatto di pelle \u00e8 emozione, comunicazione, rassicurazione.<\/span><\/li>\n<li><span style=\"font-size: 14px; font-weight: bold; color: #54e5e8;\">Il massaggio \u00e8 una delle pi\u00f9 intense forme di comunicazione sia per il genere umano che per il regno animale: anche la maggioranza delle specie animali si cimenta in un rituale di seduzione che prevede il dolcissimo strofinio dei corpi.<\/span><\/li>\n<\/ul>\n<\/div>\n<div class=\"art-layout-cell layout-item-2\" style=\"width: 50%;\">\n<p><span style=\"color: #000000; font-size: 18px;\">\u00a0<\/span><\/p>\n<blockquote><p><span style=\"text-shadow: rgba(153, 153, 153, 0.792969) 0.7px 0.7px 0px, rgba(140, 140, 140, 0.792969) 1.4px 1.4px 0px, rgba(122, 122, 122, 0.496094) 2.1px 2.1px 1px, rgba(107, 107, 107, 0.496094) 2.8px 2.8px 0px, rgba(92, 92, 92, 0.480469) 3.5px 3.5px 0px; color: #000000; font-size: 18px;\">Il mio corpo \u00e8 il Tempio dove carne e Spirito si uniscono. Tutti gli atti di Amore e di piacere sono la mia preghiera.\u00a0<\/span><\/p>\n<p><span style=\"text-shadow: rgba(153, 153, 153, 0.792969) 0.7px 0.7px 0px, rgba(140, 140, 140, 0.792969) 1.4px 1.4px 0px, rgba(122, 122, 122, 0.496094) 2.1px 2.1px 1px, rgba(107, 107, 107, 0.496094) 2.8px 2.8px 0px, rgba(92, 92, 92, 0.480469) 3.5px 3.5px 0px; color: #000000; font-size: 18px;\">Entra con rispetto nel Tempio e ama i miei mille e uno modi di essere. Io sono un vaso dell Abbondanza, fonte di gioia infinita.<\/span><\/p>\n<p><span style=\"text-shadow: rgba(153, 153, 153, 0.792969) 0.7px 0.7px 0px, rgba(140, 140, 140, 0.792969) 1.4px 1.4px 0px, rgba(122, 122, 122, 0.496094) 2.1px 2.1px 1px, rgba(107, 107, 107, 0.496094) 2.8px 2.8px 0px, rgba(92, 92, 92, 0.480469) 3.5px 3.5px 0px; color: #000000;\"><span style=\"font-size: 18px;\">Sono una Sacerdotessa dedicata all&#8217; Amore con il mio cuore il mio corpo e ogni respiro&#8230; \u00a0 \u00a0 \u00a0<\/span> <span style=\"font-size: 18px;\">\u00a0\u00a0<\/span><br \/>\n<\/span><\/p><\/blockquote>\n<\/div>\n<\/div>\n<\/div>\n","protected":false},"excerpt":{"rendered":"<p>Il massaggio non \u00e8 cosa ordinaria. Esso ha un enorme significato. Ci sono poche persone nate per massaggiare . Se tu sei una di quelle la tua energia pu\u00f2 andare molto, molto in profondit\u00e0. Per\u00f2 ci sono alcune cose che devi sempre ricordare mentre massaggi. La persona che massaggi non ha corpo. Concepiscila come senza [&hellip;]<\/p>\n","protected":false},"author":1,"featured_media":0,"parent":0,"menu_order":1,"comment_status":"closed","ping_status":"closed","template":"","meta":[],"_links":{"self":[{"href":"https:\/\/www.starlightantra.com\/public\/starlightantra\/wp-json\/wp\/v2\/pages\/5"}],"collection":[{"href":"https:\/\/www.starlightantra.com\/public\/starlightantra\/wp-json\/wp\/v2\/pages"}],"about":[{"href":"https:\/\/www.starlightantra.com\/public\/starlightantra\/wp-json\/wp\/v2\/types\/page"}],"author":[{"embeddable":true,"href":"https:\/\/www.starlightantra.com\/public\/starlightantra\/wp-json\/wp\/v2\/users\/1"}],"replies":[{"embeddable":true,"href":"https:\/\/www.starlightantra.com\/public\/starlightantra\/wp-json\/wp\/v2\/comments?post=5"}],"version-history":[{"count":3,"href":"https:\/\/www.starlightantra.com\/public\/starlightantra\/wp-json\/wp\/v2\/pages\/5\/revisions"}],"predecessor-version":[{"id":193,"href":"https:\/\/www.starlightantra.com\/public\/starlightantra\/wp-json\/wp\/v2\/pages\/5\/revisions\/193"}],"wp:attachment":[{"href":"https:\/\/www.starlightantra.com\/public\/starlightantra\/wp-json\/wp\/v2\/media?parent=5"}],"curies":[{"name":"wp","href":"https:\/\/api.w.org\/{rel}","templated":true}]}}